{"id":156,"date":"2024-05-31T12:44:40","date_gmt":"2024-05-31T10:44:40","guid":{"rendered":"https:\/\/www.zimmer-wob.de\/?page_id=156"},"modified":"2024-05-31T12:44:40","modified_gmt":"2024-05-31T10:44:40","slug":"unsere-drei-hotels-bei-wolfsburg","status":"publish","type":"page","link":"https:\/\/zimmer-wob.de\/?page_id=156","title":{"rendered":"unsere-drei-hotels-bei-wolfsburg"},"content":{"rendered":"\n<p><\/p>\n\n\n\n<p class=\"has-text-align-left\"><\/p>\n\n\n\n<div class=\"wp-block-columns is-layout-flex wp-container-core-columns-is-layout-9d6595d7 wp-block-columns-is-layout-flex\">\n<div class=\"wp-block-column is-layout-flow wp-block-column-is-layout-flow\"><div class=\"wp-block-image\">\n<figure class=\"alignright size-full\"><img decoding=\"async\" src=\"http:\/\/www.hotel-ruehen.de\/wp-content\/uploads\/2024\/01\/bild2.png\" alt=\"\" class=\"wp-image-9\"\/><\/figure>\n<\/div><\/div>\n\n\n\n<div class=\"wp-block-column is-layout-flow wp-block-column-is-layout-flow\">\n<\/p>\n<h4 style=\"text-align: left;\"><a href=\"https:\/\/hotel-ruehen.de\">Hotel R\u00fchen<\/a><\/h4>\n<h4 style=\"text-align: left;\"><a href=\"https:\/\/hotel-ruehen.de\">Am Ehrenmal 5<\/a><br \/><a href=\"https:\/\/hotel-ruehen.de\">38471 R\u00fchen<\/a><\/h4>\n<h4 style=\"text-align: left;\"><a href=\"https:\/\/hotel-ruehen.de\">Tel.: 0049 5367 1501<\/a><\/h4>\n<\/div>\n<\/div>\n\n\n\n<div class=\"wp-block-columns is-layout-flex wp-container-core-columns-is-layout-9d6595d7 wp-block-columns-is-layout-flex\">\n<div class=\"wp-block-column is-layout-flow wp-block-column-is-layout-flow\">\n<h4 style=\"text-align: right;\"><a href=\"https:\/\/hotel-rosenplatz.de\">Hotel am Rosenplatz<\/a><\/h4>\n<h4 style=\"text-align: right;\"><a href=\"https:\/\/hotel-rosenplatz.de\">Vorsfelder Str. 9<\/a><br \/><a href=\"https:\/\/hotel-rosenplatz.de\">38471 R\u00fchen \/ Brechtorf<\/a><\/h4>\n<h4 style=\"text-align: right;\"><a href=\"https:\/\/hotel-rosenplatz.de\">Tel.: 0049 5367 1833<\/a><\/h4>\n<\/div>\n\n\n\n<div class=\"wp-block-column is-layout-flow wp-block-column-is-layout-flow\">\n<figure class=\"wp-block-image size-large\"><img decoding=\"async\" src=\"http:\/\/www.hotel-ruehen.de\/wp-content\/uploads\/2024\/01\/KF8A3934red-scaled-1-1024x683.jpg\" alt=\"\" class=\"wp-image-103\"\/><\/figure>\n<\/div>\n<\/div>\n\n\n\n<div class=\"wp-block-columns is-layout-flex wp-container-core-columns-is-layout-9d6595d7 wp-block-columns-is-layout-flex\">\n<div class=\"wp-block-column is-layout-flow wp-block-column-is-layout-flow\">\n<figure class=\"wp-block-image size-large\"><img decoding=\"async\" src=\"http:\/\/www.hotel-ruehen.de\/wp-content\/uploads\/2024\/01\/IMG-0195-scaled-1-768x1024.jpeg\" alt=\"\" class=\"wp-image-102\"\/><\/figure>\n<\/div>\n\n\n\n<div class=\"wp-block-column is-layout-flow wp-block-column-is-layout-flow\">\n<h4><a href=\"https:\/\/zimmer-wob.de\">Appartement am Rosenplatz<\/a><\/h4>\n<h4><a href=\"https:\/\/zimmer-wob.de\">Vorsfelder Str. 6<\/a><br \/><a href=\"https:\/\/zimmer-wob.de\">38471 R\u00fchen \/ Brechtorf<\/a><\/h4>\n<h4><a href=\"https:\/\/zimmer-wob.de\">Tel.: 0049 5367 1501<\/a><\/h4>\n<\/div>\n<\/div>\n","protected":false},"excerpt":{"rendered":"<p>Hotel R\u00fchen Am Ehrenmal 538471 R\u00fchen Tel.: 0049 5367 1501 Hotel am Rosenplatz Vorsfelder Str. 938471 R\u00fchen \/ Brechtorf Tel.: 0049 5367 1833 Appartement am Rosenplatz Vorsfelder Str. 638471 R\u00fchen \/ Brechtorf Tel.: 0049 5367 1501<\/p>\n","protected":false},"author":1,"featured_media":0,"parent":0,"menu_order":0,"comment_status":"closed","ping_status":"closed","template":"","meta":{"footnotes":""},"class_list":["post-156","page","type-page","status-publish","hentry"],"_links":{"self":[{"href":"https:\/\/zimmer-wob.de\/index.php?rest_route=\/wp\/v2\/pages\/156","targetHints":{"allow":["GET"]}}],"collection":[{"href":"https:\/\/zimmer-wob.de\/index.php?rest_route=\/wp\/v2\/pages"}],"about":[{"href":"https:\/\/zimmer-wob.de\/index.php?rest_route=\/wp\/v2\/types\/page"}],"author":[{"embeddable":true,"href":"https:\/\/zimmer-wob.de\/index.php?rest_route=\/wp\/v2\/users\/1"}],"replies":[{"embeddable":true,"href":"https:\/\/zimmer-wob.de\/index.php?rest_route=%2Fwp%2Fv2%2Fcomments&post=156"}],"version-history":[{"count":1,"href":"https:\/\/zimmer-wob.de\/index.php?rest_route=\/wp\/v2\/pages\/156\/revisions"}],"predecessor-version":[{"id":157,"href":"https:\/\/zimmer-wob.de\/index.php?rest_route=\/wp\/v2\/pages\/156\/revisions\/157"}],"wp:attachment":[{"href":"https:\/\/zimmer-wob.de\/index.php?rest_route=%2Fwp%2Fv2%2Fmedia&parent=156"}],"curies":[{"name":"wp","href":"https:\/\/api.w.org\/{rel}","templated":true}]}}