{"id":42,"date":"2023-01-02T22:48:21","date_gmt":"2023-01-02T21:48:21","guid":{"rendered":"http:\/\/www.zimmer-wob.de\/?page_id=42"},"modified":"2023-01-02T22:48:21","modified_gmt":"2023-01-02T21:48:21","slug":"unsere-agbs","status":"publish","type":"page","link":"https:\/\/zimmer-wob.de\/?page_id=42","title":{"rendered":"unsere AGB`s"},"content":{"rendered":"\n<p><\/p>\n\n\n<p>ALLGEMEINE GESCH\u00c4FTSBEDINGUNGEN (AGB`s)<\/p>\n<p>f\u00fcr die beiden Hotels<\/p>\n<p>\u201cHotel R\u00fchen\u201d\u00a0 &amp;\u00a0 \u201cHotel Rosenplatz\u201d\u00a0 &amp;\u00a0 &#8222;Appartements am Rosenplatz&#8220;<\/p>\n<p>Buchungsbestimmungen und Hotelaufnahmevertrag<\/p>\n<p>A.)<br \/>Es gelten folgende Stornofristen<\/p>\n<p>Bis zu 3 Tage vor der Anreise k\u00f6nnen G\u00e4ste kostenfrei stornieren.<\/p>\n<p>Der Gast zahlt im Falle einer Stornierung in den 3 Tagen vor der Anreise 100 % des Gesamtpreises.<\/p>\n<p>Bei Nichtanreise des Gastes zahlt er einen Betrag in H\u00f6he des Gesamtpreises.<\/p>\n<p>Keine Vorauszahlung erforderlich.<\/p>\n<p>\u00a0<\/p>\n<p>Zimmerbuchungen ab 4 Zimmer oder Gruppen ab 4 Personen gelten gesonderte Stornofristen.<\/p>\n<p>Bis zu 7 Tage vor der Anreise k\u00f6nnen G\u00e4ste kostenfrei stornieren. Der Gast zahlt im Falle einer Stornierung in den 7 Tagen vor der Anreise 100 % des Gesamtpreises. Bei Nichtanreise des Gastes zahlt er einen Betrag in H\u00f6he des Gesamtpreises. Eine Anzahlung ist erforderlich oder die Absicherung mit einer g\u00fcltigen Kreditkarte<\/p>\n<p>Zimmerbuchungen ab 10 Zimmer oder Gruppen ab 10 Personen gelten gesonderte Stornofristen.<\/p>\n<p>Bis zu 20 Tage vor der Anreise k\u00f6nnen G\u00e4ste kostenfrei stornieren. Der Gast zahlt im Falle einer Stornierung in den 20 Tagen vor der Anreise 100 % des Gesamtpreises. Bei Nichtanreise des Gastes zahlt er einen Betrag in H\u00f6he des Gesamtpreises. Eine Anzahlung ist erforderlich oder die Absicherung mit einer g\u00fcltigen Kreditkarte<\/p>\n<p>Zimmerbuchungen ab 20 Zimmer oder Gruppen ab 20 Personen gelten gesonderte Stornofristen.<\/p>\n<p>Bis zu 40 Tage vor der Anreise k\u00f6nnen G\u00e4ste kostenfrei stornieren. Der Gast zahlt im Falle einer Stornierung in den 40 Tagen vor der Anreise 100 % des Gesamtpreises. Bei Nichtanreise des Gastes zahlt er einen Betrag in H\u00f6he des Gesamtpreises. Eine Anzahlung ist erforderlich oder die Absicherung mit einer g\u00fcltigen Kreditkarte<\/p>\n<p>\u00a0<\/p>\n<p>Messen, Festivals und Veranstaltungen gelten gesonderte Stornofristen<\/p>\n<p>Bis zu 60 Tage vor der Anreise k\u00f6nnen G\u00e4ste kostenfrei stornieren.<\/p>\n<p>Der Gast zahlt im Falle einer Stornierung in den 60 Tagen vor der Anreise einen Betrag in H\u00f6he des Gesamtpreises.<\/p>\n<p>Der Gast entrichtet als Vorauszahlung zu jeder Zeit einen Betrag in H\u00f6he des Gesamtpreises<\/p>\n<p>oder die Absicherung mit einer g\u00fcltigen Kreditkarte.<\/p>\n<p>\u00a0<\/p>\n<p>Nichtanreisen werden grunds\u00e4tzlich 100% Stornogeb\u00fchr erhoben.<\/p>\n<p>\u00a0<\/p>\n<p>B.) Rezeption zur Anreise \/ Check-in<\/p>\n<p>Montag bis Freitag: 14:00 bis 00:00 Uhr<\/p>\n<p>Samstag: 14:00 bis 23:00 Uhr<\/p>\n<p>Sonntag: 17:00 bis 21:00 Uhr<\/p>\n<p>Bei Anreisen nach 20:00 Uhr bitten wir Sie uns telefonisch zu informieren.<\/p>\n<p>\u00a0<\/p>\n<p>C.) Sp\u00e4t oder Nachtanreise<\/p>\n<p>durch die Nachtrezeption mit T\u00fcrcode und Schl\u00fcsselhinterlegung ist jede andere Zeit m\u00f6glich \u2013 Absprache mit Hotel erforderlich!<\/p>\n<p>\u00a0<\/p>\n<p>D.) Fr\u00fchst\u00fcck<\/p>\n<p>Montag \u2013 Freitag von 6.00 Uhr bis 9.00 Uhr<\/p>\n<p>Samstag \u2013 Sonntag von 7.30 Uhr bis 10.00 Uhr<\/p>\n<p>\u00a0<\/p>\n<p>E.) Abreise \/ Check-out<\/p>\n<p>bis 11 Uhr (sp\u00e4tere Abreisen sind kostenpflichtig, siehe Hotelaufnahmevertrag)<\/p>\n<p>F.) G\u00fcltige und kostenlose Zahlungsmittel<\/p>\n<p>sind Vorab\u00fcberweisungen, PayPal, EC, Kreditkarte (Mastercard, Visa) und Barzahlungen. Eine Buchung kann mit einer g\u00fcltigen Kreditkarte abgesichert sein (Mastercard, Visa) andere Karten werden nicht als Buchungsgarantie akzeptiert.<\/p>\n<p>Buchungen mit fehlerhaften Karten werden sp\u00e4testens 24h nach erfolgloser Anmahnung um eine g\u00fcltige Buchungsgarantie ersatzlos gestrichen.<\/p>\n<p>\u00a0<\/p>\n<p>G.) Das Hotel kann die Kreditkarte<\/p>\n<p>mit dem Buchungsbetrag vorbelasten oder im Falle von Messen, Festivals und Veranstaltungen oder Gruppen bereits belasten.<\/p>\n<p>\u00a0<\/p>\n<p>H.) Der Buchende muss nicht selbst anreisen,<\/p>\n<p>aber der Anreisende mu\u00df sich durch einen g\u00fcltigen Ausweis identifizieren. Im Falle von Gruppenbuchungen oder Freunden handelt der Buchende in voller eigener Verantwortung eines Reiseleiters und unterliegt der Pflicht alle Mitreisenden \u00fcber die Hausordnung, Buchungsbestimmungen sowie den Hotelaufnahmevertrag zu unterrichten. Eine Liste aller anreisenden Personen ist sp\u00e4testens am Vortag der Anreise per email an das Hotel zu senden.<\/p>\n<p>\u00a0<\/p>\n<p>I.) Die hinterlegte Kreditkarte ist im Original vorzulegen<\/p>\n<p>und muss mit dem Buchenden \u00fcbereinstimmen. Im Zweifelsfalle kann die komplette Buchung ersatzlos abgelehnt werden.<\/p>\n<p>Ausnahmen bei Firmenkreditkarten k\u00f6nnen nur mit der Hotelleitung im Vorfeld vereinbart werden. Dazu braucht es eine schriftliche Kosten\u00fcbernahme und Genehmigung zur Abbuchung des Rechnungsbetrages der jeweiligen Firma.<\/p>\n<p>\u00a0<\/p>\n<p>J.) Buchungen k\u00f6nnen nur beim gebuchten Portal,<\/p>\n<p>z.B. ein Buchungsportal wie HRS, Booking oder Trivago (Reiseveranstalter) storniert werden.<\/p>\n<p>\u00a0<\/p>\n<p>K.) Buchungen die \u00fcber unser hauseigene Homepage get\u00e4tigt wurden,<\/p>\n<p>m\u00fcssen per E-Mail (storno@hotel-wob.de) storniert werden oder per Fax an die 0049 (0) 5367\/1615 gesendet werden.<\/p>\n<p>\u00a0<\/p>\n<p>L.) Alle Best\u00e4tigungen, Rechnungen und R\u00fcckgeld sind sofort zu kontrollieren<\/p>\n<p>\u2013 sp\u00e4tere Reklamationen k\u00f6nnen nicht ber\u00fccksichtigt werden.<\/p>\n<p>\u00a0<\/p>\n<p>M.) Es gilt im gesamten Haus striktes Rauchverbot \u2013 auch an den Fenstern.<\/p>\n<p>\u00a0<\/p>\n<p>N.) Die Nachtruhe ab 22 Uhr ist einzuhalten.<\/p>\n<p>\u00a0<\/p>\n<p>O.) Das Hotel kann G\u00e4ste oder G\u00e4stegruppen ablehnen<\/p>\n<p>oder den Zutritt\/Aufenthalt verweigern wenn begr\u00fcndeter Anlass besteht. (siehe Punkt V des Hotelaufnahmevertrages).<\/p>\n<p>\u00a0<\/p>\n<p>P.) Verst\u00f6\u00dfe gegen die Hausordnung,<\/p>\n<p>das strikte Rauchverbot, die Nachtruhe, das Zubereiten von warmen Nahrungs- und Genussmitteln in den Zimmern, das Benutzen von elektrischen Heizger\u00e4ten und offenem Licht, Besch\u00e4digungen des Inventars oder Verlust des Schl\u00fcssels werden automatisch in H\u00f6he von 150 Euro oder dem Reparaturwert der besch\u00e4digten Sache von der hinterlegten Kreditkarte des zur Buchung geh\u00f6renden Verantwortlichen abgebucht.<\/p>\n<p>\u00a0<\/p>\n<p>Geltungsbereich<br \/>Diese Gesch\u00e4ftsbedingungen gelten f\u00fcr Vertr\u00e4ge \u00fcber die mietweise \u00dcberlassung von Hotelzimmern zur Beherbergung, sowie alle f\u00fcr den Kunden erbrachten weiteren Leistungen und Lieferungen des Hotels.<\/p>\n<p>Die Unter- oder Weitervermietung der \u00fcberlassenen Zimmer sowie deren Nutzung zu anderen als Beherbergungszwecken bed\u00fcrfen der vorherigen schriftlichen Zustimmung des Hotels, wobei \u00a7 540 Abs. 1 Satz 2 BGB abbedungen wird, soweit der Kunde nicht Verbraucher ist.<\/p>\n<p>Gesch\u00e4ftsbedingungen des Kunden finden nur Anwendung, wenn dies vorher ausdr\u00fccklich schriftlich vereinbart wurde.<\/p>\n<p>Vertragsabschluss, -partner; Verj\u00e4hrung<br \/>Der Vertrag kommt durch die Annahme des Antrags des Kunden durch das Hotel zustande. Dem Hotel steht es frei, die Zimmerbuchung schriftlich zu best\u00e4tigen.<\/p>\n<p>Vertragspartner sind das Hotel und der Kunde. Hat ein Dritter f\u00fcr den Kunden bestellt, haftet er dem Hotel gegen\u00fcber zusammen mit dem Kunden als Gesamtschuldner f\u00fcr alle Verpflichtungen aus dem Hotelaufnahmevertrag, sofern dem Hotel eine entsprechende Erkl\u00e4rung des Dritten vorliegt.<\/p>\n<p>Alle Anspr\u00fcche gegen das Hotel verj\u00e4hren grunds\u00e4tzlich in einem Jahr ab dem Beginn der Kenntnisabh\u00e4ngigen regelm\u00e4\u00dfigen Verj\u00e4hrungsfrist des \u00a7 199 Abs. 1 BGB. Schadensersatzanspr\u00fcche verj\u00e4hren kenntnisunabh\u00e4ngig in f\u00fcnf Jahren. Die Verj\u00e4hrungsverk\u00fcrzungen gelten nicht bei Anspr\u00fcchen, die auf einer vors\u00e4tzlichen oder grob fahrl\u00e4ssigen Pflichtverletzung des Hotels beruhen.<\/p>\n<p>III. Leistungen, Preise, Zahlung, Aufrechnung<\/p>\n<p>Das Hotel ist verpflichtet, die vom Kunden gebuchten Zimmer bereitzuhalten und die vereinbarten Leistungen zu erbringen.<\/p>\n<p>Der Kunde ist verpflichtet, die f\u00fcr die Zimmer\u00fcberlassung und die von ihm in Anspruch genommenen weiteren Leistungen geltenden bzw. vereinbarten Preise des Hotels zu zahlen. Dies gilt auch f\u00fcr vom Kunden veranlasste Leistungen und Auslagen des Hotels an Dritte.<\/p>\n<p>Die vereinbarten Preise schlie\u00dfen die jeweilige gesetzliche Mehrwertsteuer ein. \u00dcberschreitet der Zeitraum zwischen Vertragsabschluss und Vertragserf\u00fcllung vier Monate und erh\u00f6ht sich der vom Hotel allgemein f\u00fcr derartige Leistungen berechnete Preis, so kann dieses den vertraglich vereinbarten Preis angemessen, h\u00f6chstens jedoch um 10% anheben.<\/p>\n<p>Die Preise k\u00f6nnen vom Hotel ferner ge\u00e4ndert werden, wenn der Kunde nachtr\u00e4glich \u00c4nderungen der Anzahl der gebuchten Zimmer, der Leistung des Hotels oder der Aufenthaltsdauer der G\u00e4ste w\u00fcnscht und das Hotel dem zustimmt.<\/p>\n<p>Rechnungen des Hotels sind am Anreisetag bei dem Check-in ohne Abzug zu zahlen. Das Hotel ist berechtigt, aufgelaufene Forderungen jederzeit f\u00e4llig zu stellen und unverz\u00fcgliche Zahlung zu verlangen. Bei Zahlungsverzug ist das Hotel berechtigt, die jeweils geltenden gesetzlichen Verzugszinsen in H\u00f6he von derzeit 8% bzw. bei Rechtsgesch\u00e4ften, an denen ein Verbraucher beteiligt ist, in H\u00f6he von 5% \u00fcber dem Basiszinssatz zu verlangen. Dem Hotel bleibt der Nachweis eines h\u00f6heren Schadens vorbehalten.<\/p>\n<p>Das Hotel ist berechtigt, bei Vertragsschluss eine angemessene Vorauszahlung in Form einer \u00dcberweisung, Kreditkartengarantie oder Sicherheitsleistung zu verlangen.<\/p>\n<p>Der Kunde kann nur mit einer unstreitigen oder rechtskr\u00e4ftigen Forderung gegen\u00fcber einer Forderung des Hotels aufrechnen oder mindern.<\/p>\n<p>R\u00fccktritt des Kunden (i. e. Abbestellung, Stornierung) \/ Nichtinanspruchnahme der Leistungen des Hotels<\/p>\n<p>Ein R\u00fccktritt des Kunden von dem mit dem Hotel geschlossenen Vertrag bedarf der schriftlichen Zustimmung des Hotels. Erfolgt diese nicht, so ist der vereinbarte Preis aus dem Vertrag auch dann zu zahlen, wenn der Kunde vertragliche Leistungen nicht in Anspruch nimmt. Dies gilt nicht bei Verletzung der Verpflichtung des Hotels zur R\u00fccksichtnahme auf Rechte, Rechtsg\u00fcter und Interessen des Kunden, wenn diesem dadurch ein Festhalten am Vertrag nicht mehr zuzumuten ist oder ein sonstiges gesetzliches oder vertragliches R\u00fccktrittsrecht zusteht.<\/p>\n<p>Sofern zwischen dem Hotel und dem Kunden ein Termin zum kostenfreien R\u00fccktritt vom Vertrag schriftlich vereinbart wurde, kann der Kunde bis dahin vom Vertrag zur\u00fccktreten, ohne Zahlungs- oder Schadensersatzanspr\u00fcche des Hotels auszul\u00f6sen. Das R\u00fccktrittsrecht des Kunden erlischt, wenn er nicht bis zum vereinbarten Termin sein Recht zum R\u00fccktritt schriftlich gegen\u00fcber dem Hotel aus\u00fcbt, sofern nicht ein Fall des R\u00fccktritts des Kunden gem\u00e4\u00df Nummer 1 Satz 3 vorliegt.<\/p>\n<p>Bei vom Kunden nicht in Anspruch genommenen Zimmern hat das Hotel die Einnahmen aus anderweitiger Vermietung der Zimmer sowie die eingesparten Aufwendungen anzurechnen.<\/p>\n<p>Dem Hotel steht es frei, die vertraglich vereinbarte Verg\u00fctung zu verlangen und den Abzug f\u00fcr ersparte Aufwendungen zu pauschalieren. Der Kunde ist in diesem Fall verpflichtet, mindestens 80% des vertraglich vereinbarten Preises f\u00fcr \u00dcbernachtung mit oder ohne Fr\u00fchst\u00fcck. Dem Kunden steht der Nachweis frei, dass der oben genannte Anspruch nicht oder nicht in der geforderten H\u00f6he entstanden ist.<\/p>\n<p>R\u00fccktritt des Hotels<br \/>Sofern ein kostenfreies R\u00fccktrittsrecht des Kunden innerhalb einer bestimmten Frist schriftlich vereinbart wurde, ist das Hotel in diesem Zeitraum seinerseits berechtigt, vom Vertrag zur\u00fcckzutreten, wenn Anfragen anderer Kunden nach den vertraglich gebuchten Zimmern vorliegen und der Kunde auf R\u00fcckfrage des Hotels auf sein Recht zum R\u00fccktritt nicht verzichtet.<\/p>\n<p>Wird eine vereinbarte oder oben gem\u00e4\u00df Klausel III Nr. 6 verlangte Vorauszahlung auch nach Verstreichen einer vom Hotel gesetzten angemessenen Nachfrist nicht geleistet, so ist das Hotel ebenfalls zum R\u00fccktritt vom Vertrag berechtigt.<\/p>\n<p>Ferner ist das Hotel berechtigt, aus sachlich gerechtfertigtem Grund vom Vertrag au\u00dferordentlich zur\u00fcckzutreten, beispielsweise falls \u2022 h\u00f6here Gewalt oder andere vom Hotel nicht zu vertretende Umst\u00e4nde die Erf\u00fcllung des Vertrages unm\u00f6glich machen; \u2022 Zimmer unter irref\u00fchrender oder falscher Angabe wesentlicher Tatsachen, z.B. in der Person des Kunden oder des Zwecks, gebucht werden; \u2022 das Hotel begr\u00fcndeten Anlass zu der Annahme hat, dass die Inanspruchnahme der Hotelleistung den reibungslosen Gesch\u00e4ftsbetrieb, die Sicherheit oder das Ansehen des Hotels in der \u00d6ffentlichkeit gef\u00e4hrden kann, ohne dass dies dem Herrschafts- bzw. Organisationsbereich des Hotels zuzurechnen ist. \u2022 ein Versto\u00df gegen oben Klausel I Nr. 2 vorliegt.<\/p>\n<p>Bei berechtigtem R\u00fccktritt des Hotels entsteht kein Anspruch des Kunden auf Schadensersatz.<\/p>\n<p>Zimmerbereitstellung, \u2013 \u00fcbergabe und \u2013 r\u00fcckgabe<br \/>Der Kunde erwirbt keinen Anspruch auf die Bereitstellung bestimmter Zimmer.<\/p>\n<p>Gebuchte Zimmer stehen dem Kunden ab 17.00 Uhr des vereinbarten Anreisetages zur Verf\u00fcgung. Der Kunde hat keinen Anspruch auf fr\u00fchere Bereitstellung.<\/p>\n<p>Am vereinbarten Abreisetag sind die Zimmer dem Hotel sp\u00e4testens um 10.00 Uhr ger\u00e4umt zur Verf\u00fcgung zu stellen. Danach kann das Hotel aufgrund der versp\u00e4teten R\u00e4umung des Zimmers f\u00fcr dessen vertrags\u00fcberschreitende Nutzung bis 12.00 Uhr 50% des vollen Logispreises (Listenpreises) in Rechnung stellen, ab 12.00 Uhr 100%. Vertragliche Anspr\u00fcche des Kunden 3 werden hierdurch nicht begr\u00fcndet. Ihm steht es frei, nachzuweisen, da\u00df dem Hotel kein oder ein wesentlich niedrigerer Anspruch auf Nutzungsentgelt entstanden ist.<\/p>\n<p>\u00a0<\/p>\n<p>VII. Haftung des Hotels<\/p>\n<p>Das Hotel haftet mit der Sorgfalt eines ordentlichen Kaufmanns f\u00fcr seine Verpflichtungen aus dem Vertrag. Anspr\u00fcche des Kunden auf Schadensersatz sind ausgeschlossen. Hiervon ausgenommen sind Sch\u00e4den aus der Verletzung des Lebens, des K\u00f6rpers oder der Gesundheit, wenn das Hotel die Pflichtverletzung zu vertreten hat, sonstige Sch\u00e4den, die auf einer vors\u00e4tzlichen oder grob fahrl\u00e4ssigen Pflichtverletzung des Hotels beruhen und Sch\u00e4den, die auf einer vors\u00e4tzlichen oder fahrl\u00e4ssigen Verletzung von vertragstypischen Pflichten des Hotels beruhen. Einer Pflichtverletzung des Hotels steht die eines gesetzlichen Vertreters oder Erf\u00fcllungsgehilfen gleich. Sollten St\u00f6rungen oder M\u00e4ngel an den Leistungen des Hotels auftreten, wird das Hotel bei Kenntnis oder auf unverz\u00fcgliche R\u00fcge des Kunden bem\u00fcht sein, f\u00fcr Abhilfe zu sorgen. Der Kunde ist verpflichtet, das ihm Zumutbare beizutragen, um die St\u00f6rung zu beheben und einen m\u00f6glichen Schaden gering zu halten.<\/p>\n<p>F\u00fcr eingebrachte Sachen haftet das Hotel dem Kunden nach den gesetzlichen Bestimmungen, das ist bis zum Hundertfachen des Zimmerpreises, h\u00f6chstens \u20ac 3.500, sowie f\u00fcr Geld, Wertpapiere und Kostbarkeiten bis zu 800 \u20ac. Geld, Wertpapiere und Kostbarkeiten k\u00f6nnen bis zu einem H\u00f6chstwert von 3.500 \u20ac (Versicherungssumme des Hotels einsetzen) im Hotel- oder Zimmersafe aufbewahrt werden. Das Hotel empfiehlt, von dieser M\u00f6glichkeit Gebrauch zu machen. Die Haftungsanspr\u00fcche erl\u00f6schen, wenn nicht der Kunde nach Erlangen der Kenntnis von Verlust, Zerst\u00f6rung oder Besch\u00e4digung unverz\u00fcglich dem Hotel Anzeige macht (\u00a7 703 BGB). F\u00fcr eine weitergehende Haftung des Hotels gelten vorstehende Nummer 1 S\u00e4tze 2 bis 4 entsprechend.<\/p>\n<p>Soweit dem Kunden ein Stellplatz in der Hotelgarage oder auf einem Hotelparkplatz, auch gegen Entgelt, zur Verf\u00fcgung gestellt wird, kommt dadurch kein Verwahrungsvertrag zustande. Bei Abhandenkommen oder Besch\u00e4digung auf dem Hotelgrundst\u00fcck abgestellter oder rangierter Kraftfahrzeuge und deren Inhalte haftet das Hotel nicht, au\u00dfer bei Vorsatz oder grober Fahrl\u00e4ssigkeit. Vorstehende Nummer 1 S\u00e4tze 2 bis 4 gelten entsprechend.<\/p>\n<p>Weckauftr\u00e4ge werden vom Hotel nicht ausgef\u00fchrt. Nachrichten, Post und Warensendungen f\u00fcr die G\u00e4ste werden mit Sorgfalt behandelt. Das Hotel \u00fcbernimmt die Zustellung, Aufbewahrung und \u2013 auf Wunsch \u2013 gegen Entgelt die Nachsendung derselben. Vorstehende Nummer 1 S\u00e4tze 2 bis 4 gelten entsprechend.<\/p>\n<p>VIII. Schlussbestimmungen<\/p>\n<p>\u00a0<\/p>\n<p>\u00c4nderungen oder Erg\u00e4nzungen des Vertrags, der Antragsannahme oder dieser Gesch\u00e4ftsbedingungen f\u00fcr die Hotelaufnahme sollen schriftlich erfolgen. Einseitige \u00c4nderungen oder Erg\u00e4nzungen durch den Kunden sind unwirksam.<\/p>\n<p>Erf\u00fcllungs- und Zahlungsort ist der Sitz des Hotels.<br \/>Ausschlie\u00dflicher Gerichtsstand \u2013 auch f\u00fcr Scheck- und Wechselstreitigkeiten \u2013 ist im kaufm\u00e4nnischen Verkehr der Sitz des Hotels. Sofern ein Vertragspartner die Voraussetzung des \u00a7 38 Abs. 2 ZPO erf\u00fcllt und keinen allgemeinen Gerichtsstand im Inland hat, gilt als Gerichtsstand der Sitz des Hotels.<br \/>Es gilt deutsches Recht. Die Anwendung des UN-Kaufrechts und des Kollisionsrechts ist ausgeschlossen. 5. Sollten einzelne Bestimmungen dieser Allgemeinen Gesch\u00e4ftsbedingungen f\u00fcr die Hotelaufnahme unwirksam oder nichtig sein oder werden, so wird dadurch die Wirksamkeit der \u00fcbrigen Bestimmungen nicht ber\u00fchrt. Im \u00fcbrigen gelten die gesetzlichen Vorschriften.<\/p>","protected":false},"excerpt":{"rendered":"<p>ALLGEMEINE GESCH\u00c4FTSBEDINGUNGEN (AGB`s) f\u00fcr die beiden Hotels \u201cHotel R\u00fchen\u201d\u00a0 &amp;\u00a0 \u201cHotel Rosenplatz\u201d\u00a0 &amp;\u00a0 &#8222;Appartements am Rosenplatz&#8220; Buchungsbestimmungen und Hotelaufnahmevertrag A.)Es gelten folgende Stornofristen Bis zu 3 Tage vor der Anreise k\u00f6nnen G\u00e4ste kostenfrei stornieren. Der Gast zahlt im Falle einer Stornierung in den 3 Tagen vor der Anreise 100 % des Gesamtpreises. Bei Nichtanreise des [&hellip;]<\/p>\n","protected":false},"author":2,"featured_media":0,"parent":0,"menu_order":0,"comment_status":"closed","ping_status":"closed","template":"","meta":{"footnotes":""},"class_list":["post-42","page","type-page","status-publish","hentry"],"_links":{"self":[{"href":"https:\/\/zimmer-wob.de\/index.php?rest_route=\/wp\/v2\/pages\/42","targetHints":{"allow":["GET"]}}],"collection":[{"href":"https:\/\/zimmer-wob.de\/index.php?rest_route=\/wp\/v2\/pages"}],"about":[{"href":"https:\/\/zimmer-wob.de\/index.php?rest_route=\/wp\/v2\/types\/page"}],"author":[{"embeddable":true,"href":"https:\/\/zimmer-wob.de\/index.php?rest_route=\/wp\/v2\/users\/2"}],"replies":[{"embeddable":true,"href":"https:\/\/zimmer-wob.de\/index.php?rest_route=%2Fwp%2Fv2%2Fcomments&post=42"}],"version-history":[{"count":1,"href":"https:\/\/zimmer-wob.de\/index.php?rest_route=\/wp\/v2\/pages\/42\/revisions"}],"predecessor-version":[{"id":43,"href":"https:\/\/zimmer-wob.de\/index.php?rest_route=\/wp\/v2\/pages\/42\/revisions\/43"}],"wp:attachment":[{"href":"https:\/\/zimmer-wob.de\/index.php?rest_route=%2Fwp%2Fv2%2Fmedia&parent=42"}],"curies":[{"name":"wp","href":"https:\/\/api.w.org\/{rel}","templated":true}]}}