{"id":71,"date":"2023-01-03T00:08:42","date_gmt":"2023-01-02T23:08:42","guid":{"rendered":"http:\/\/www.zimmer-wob.de\/?page_id=71"},"modified":"2024-11-13T22:44:58","modified_gmt":"2024-11-13T21:44:58","slug":"fruehstueck","status":"publish","type":"page","link":"https:\/\/zimmer-wob.de\/?page_id=71","title":{"rendered":"Fr\u00fchst\u00fcck"},"content":{"rendered":"<p>Fr\u00fchst\u00fcck k\u00f6nnen Sie auf Wunsch hinzu buchen. Das Fr\u00fchst\u00fccksb\u00fcfett kostet 15,-\u20ac\u00a0 und wird im Haupthaus im &#8222;Hotel R\u00fchen&#8220; zubereitet.<\/p>\n","protected":false},"excerpt":{"rendered":"<p>Fr\u00fchst\u00fcck k\u00f6nnen Sie auf Wunsch hinzu buchen. Das Fr\u00fchst\u00fccksb\u00fcfett kostet 15,-\u20ac\u00a0 und wird im Haupthaus im &#8222;Hotel R\u00fchen&#8220; zubereitet.<\/p>\n","protected":false},"author":2,"featured_media":0,"parent":0,"menu_order":0,"comment_status":"closed","ping_status":"closed","template":"","meta":{"footnotes":""},"class_list":["post-71","page","type-page","status-publish","hentry"],"_links":{"self":[{"href":"https:\/\/zimmer-wob.de\/index.php?rest_route=\/wp\/v2\/pages\/71","targetHints":{"allow":["GET"]}}],"collection":[{"href":"https:\/\/zimmer-wob.de\/index.php?rest_route=\/wp\/v2\/pages"}],"about":[{"href":"https:\/\/zimmer-wob.de\/index.php?rest_route=\/wp\/v2\/types\/page"}],"author":[{"embeddable":true,"href":"https:\/\/zimmer-wob.de\/index.php?rest_route=\/wp\/v2\/users\/2"}],"replies":[{"embeddable":true,"href":"https:\/\/zimmer-wob.de\/index.php?rest_route=%2Fwp%2Fv2%2Fcomments&post=71"}],"version-history":[{"count":6,"href":"https:\/\/zimmer-wob.de\/index.php?rest_route=\/wp\/v2\/pages\/71\/revisions"}],"predecessor-version":[{"id":168,"href":"https:\/\/zimmer-wob.de\/index.php?rest_route=\/wp\/v2\/pages\/71\/revisions\/168"}],"wp:attachment":[{"href":"https:\/\/zimmer-wob.de\/index.php?rest_route=%2Fwp%2Fv2%2Fmedia&parent=71"}],"curies":[{"name":"wp","href":"https:\/\/api.w.org\/{rel}","templated":true}]}}